{"id":2831,"date":"2016-03-29T21:44:06","date_gmt":"2016-03-29T19:44:06","guid":{"rendered":"http:\/\/classicheuer.de\/wordpress\/en\/?page_id=2831"},"modified":"2025-06-04T16:11:31","modified_gmt":"2025-06-04T14:11:31","slug":"service","status":"publish","type":"page","link":"https:\/\/www.classicheuer.de\/en\/service\/","title":{"rendered":"Customer Service"},"content":{"rendered":"\n  <div class=\"banner has-hover\" id=\"banner-403999084\">\n          <div class=\"banner-inner fill\">\n        <div class=\"banner-bg fill\" >\n            <img loading=\"lazy\" decoding=\"async\" width=\"800\" height=\"726\" src=\"https:\/\/www.classicheuer.de\/wp-content\/uploads\/heuer-uhrwerk-im-detail-8.jpg\" class=\"bg attachment-large size-large\" alt=\"\" \/>                                    \n                    <\/div>\n\t\t\n        <div class=\"banner-layers container\">\n            <a class=\"fill\" href=\"#\"><div class=\"fill banner-link\"><\/div><\/a>            \n   <div id=\"text-box-657219873\" class=\"text-box banner-layer x50 md-x50 lg-x50 y50 md-y50 lg-y50 res-text\">\n                     <div data-animate=\"fadeIn\">           <div class=\"text-box-content text dark\">\n              \n              <div class=\"text-inner text-center\">\n                  \n<h1 class=\"text-boarder-top-bottom-white\">Watch Service for Heuer and others<\/h1>\n              <\/div>\n           <\/div>\n       <\/div>                     \n<style>\n#text-box-657219873 {\n  width: 60%;\n}\n#text-box-657219873 .text-box-content {\n  font-size: 100%;\n}\n@media (min-width:550px) {\n  #text-box-657219873 {\n    width: 50%;\n  }\n}\n<\/style>\n    <\/div>\n \n        <\/div>\n      <\/div>\n\n            \n<style>\n#banner-403999084 {\n  padding-top: 400px;\n}\n<\/style>\n  <\/div>\n\n\n<div class=\"row\"  id=\"row-1761387183\">\n\n\t<div id=\"col-1661935448\" class=\"col medium-8 large-8\"  >\n\t\t\t\t<div class=\"col-inner\"  >\n\t\t\t\n\t\t\t\n<h1 class=\"Stil10\" style=\"text-align: justify;\" align=\"justify\">Customer Service<\/h1>\n<p class=\"text\" style=\"text-align: justify;\">For the conservation of value the revision and sometimes also the repair of the old chronographs are immensely important. However, not every watchmaker&#8217;s workshop can provide this service. We work with master watchmakers who have many years of experience with Heuer chronographs. More important is the fact, that ClassicHeuer owns a large spare parts inventory of hardly available spare parts for the diverse caliber.<\/p>\n<p class=\"text\" style=\"text-align: justify;\">Send or bring us your watch. On request we offer a pick-up service. We will offer the revision or repair to an appropriate price. Please use the contact form, write us an email or give us a call for prior consultation. (+49 2162 &#8211; 5744355).<\/p>\n<h2 class=\"text\" style=\"text-align: justify;\">Repair<\/h2>\n<p class=\"Stil10\" align=\"justify\">We offer a repair service for chronographs from the 1960s to 1990s. If necessary, defective or missing parts are replaced with original parts. A cost estimate and repair quotation will be provided in advance. Please take for granted that we will offer as well the customer service for the timepieces not sold by us. On the repaired items you will get warranty.<\/p>\n<h2 style=\"text-align: justify;\">Revision<\/h2>\n<p class=\"text\" style=\"text-align: justify;\">For the long-term maintenance of value the revision for watches is as important as the regular inspections for cars. A complete disassembling of the watch, ultrasonic cleaning of the movement, lubricating, assembling of all parts, adjusting on the timing machine and a function control on the automatic watches testing winder machine are belonging to the coverage of a professional revision. If required the replacement of the glas and the seals will be done, too.\u00a0 We offer you the revision of your timepiece at a fair price and with a free estimate.<\/p>\n<h2 style=\"text-align: justify;\">Refurbishment<\/h2>\n<p class=\"text\" style=\"text-align: justify;\">We always offer our customers the service of refurbishment in consideration of the authenticity of the timepiece. Refurbishment is not always advisable, as authenticity should always take centre stage. We discuss your specific requirements with you, are happy to make recommendations and then consult with you.<\/p>\n\t<div id=\"gap-842714619\" class=\"gap-element clearfix\" style=\"display:block; height:auto;\">\n\t\t\n<style>\n#gap-842714619 {\n  padding-top: 30px;\n}\n<\/style>\n\t<\/div>\n\t\n<div class=\"accordion\">\n\t<div id=\"accordion-4048439735\" class=\"accordion-item\">\n\t\t<a id=\"accordion-4048439735-label\" class=\"accordion-title plain\" href=\"#accordion-item-revision-information\" aria-expanded=\"false\" aria-controls=\"accordion-4048439735-content\">\n\t\t\t<button class=\"toggle\" aria-label=\"Toggle\"><i class=\"icon-angle-down\" aria-hidden=\"true\"><\/i><\/button>\n\t\t\t<span>Revision information<\/span>\n\t\t<\/a>\n\t\t<div id=\"accordion-4048439735-content\" class=\"accordion-inner\" aria-labelledby=\"accordion-4048439735-label\">\n\t\t\t\n<p style=\"text-align: justify;\">A mechanical watch can, under some circumstances, not run as precisely after repair as it did before. During the repair\/alteration, the gear behaviour of the clockwork is inspected using measuring instruments \u2013 what is referred to as a timing machine \u2013 and also through observations over an established period of time. This usually occurs at room temperature and with simulated movement cycles. The <strong>conditions <\/strong>can, however, be completely <strong>different<\/strong> on the arm of the person wearing it, which can cause the watch to have a completely different running behaviour than it did in the inspection after repair\/alteration.<\/p>\n<p style=\"text-align: justify;\">Therefore, check the deviations and note by how much your watch is ahead or behind each day. We will then re-adjust you watch according to your information. Under certain circumstances, it can become necessary to repeat this step; but then you will have a watch regulated optimally to your personal wearing habits.<\/p>\n<p>&nbsp;<\/p>\n\t\t<\/div>\n\t<\/div>\n\t\n\t<div id=\"accordion-3804672469\" class=\"accordion-item\">\n\t\t<a id=\"accordion-3804672469-label\" class=\"accordion-title plain\" href=\"#accordion-item-service-information\" aria-expanded=\"false\" aria-controls=\"accordion-3804672469-content\">\n\t\t\t<button class=\"toggle\" aria-label=\"Toggle\"><i class=\"icon-angle-down\" aria-hidden=\"true\"><\/i><\/button>\n\t\t\t<span>Service information<\/span>\n\t\t<\/a>\n\t\t<div id=\"accordion-3804672469-content\" class=\"accordion-inner\" aria-labelledby=\"accordion-3804672469-label\">\n\t\t\t\n<h3 style=\"text-align: justify;\">Service<\/h3>\n<p style=\"text-align: justify;\">Most watch manufacturers recommend maintenance of the watch every three years. In this time period, a clockwork completes more than one million movements. We agree with this recommendation, because the mechanical works should undergo regular inspection in order to ensure long-term enjoyment of the lovely timepiece. This particularly applies to vintage models that have been used for more than 30 years, because the lifespan of a watch depends largely on the maintenance and care.<\/p>\n<p style=\"text-align: justify;\">Another indication that an inspection is necessary is if the watch begins to run fast. When the watch is serviced, it is taken apart completely, cleaned, and re-greased.<\/p>\n<h3 style=\"text-align: justify;\"><\/h3>\n<h3 style=\"text-align: justify;\"><strong>Why does the spring break?<\/strong><\/h3>\n<p style=\"text-align: justify;\">The watch spring on an older watch consists of a thin band of steel; this structure is not always homogeneous. For this reason, spring breaks cannot be avoided, because the constant tension of the spring fatigues the metal. Thin, well-hardened watch springs result in a greater gear precision of the watch than weak ones. However, they also break more easily, for the same reason that glass breaks easier than rubber. A spring can break without it being the fault of the manufacturer, the watchmaker or the wearer. The conclusion that it was of poor quality cannot be jumped to in any case from a broken spring.<\/p>\n<h3 style=\"text-align: justify;\"><strong>Waterresistance<\/strong><\/h3>\n<p style=\"text-align: justify;\">The chronographs offered by ClassicHeuer are waterproof at the time of the initial purchase. This time point is more than 30 years in most cases, depending on the age of the watch.<\/p>\n<p style=\"text-align: justify;\">If a watch has tested positive for waterproof qualities, then this quality is valid at the time of the measurement. Being waterproofed is not a permanent characteristic according to DIN 8310, because seals present are subject to natural ageing and wear. The watch you ordered is not waterproof, and therefore you should be careful when dealing with water (even when washing your hands) or take the watch off entirely.<\/p>\n\t\t<\/div>\n\t<\/div>\n\t\n\t<div id=\"accordion-2794863376\" class=\"accordion-item\">\n\t\t<a id=\"accordion-2794863376-label\" class=\"accordion-title plain\" href=\"#accordion-item-spare-parts\" aria-expanded=\"false\" aria-controls=\"accordion-2794863376-content\">\n\t\t\t<button class=\"toggle\" aria-label=\"Toggle\"><i class=\"icon-angle-down\" aria-hidden=\"true\"><\/i><\/button>\n\t\t\t<span>Spare parts<\/span>\n\t\t<\/a>\n\t\t<div id=\"accordion-2794863376-content\" class=\"accordion-inner\" aria-labelledby=\"accordion-2794863376-label\">\n\t\t\t\n<p style=\"text-align: justify;\">ClassicHeuer offers some original spareparts for miscellaneous Heuer chronographs. Please understand that we will not sell all spareparts for Cal.11 and 12 available on stock. We will need the rare spareparts for the repair of delivered chronographs. You are welcome to give your timepiece in repair to our master watchmaker. ClassicHeuer attaches great importance to replace the individual parts only by original spareparts while repairing.<\/p>\n\t\t<\/div>\n\t<\/div>\n\t\n<\/div>\n<div class=\"row\"  id=\"row-1820911696\">\r\n\r\n\n\t<div id=\"col-956992381\" class=\"col medium-1\/1 large-12\"  >\n\t\t\t\t<div class=\"col-inner\"  >\n\t\t\t\n\t\t\t\r\n\r\n\t<div id=\"gap-1541470264\" class=\"gap-element clearfix\" style=\"display:block; height:auto;\">\n\t\t\n<style>\n#gap-1541470264 {\n  padding-top: 30px;\n}\n<\/style>\n\t<\/div>\n\t\r\n\r\n<div class=\"slider-wrapper relative\" id=\"slider-1279321993\" >\n    <div class=\"slider slider-nav-circle slider-nav-large slider-nav-light slider-style-normal\"\n        data-flickity-options='{\n            \"cellAlign\": \"center\",\n            \"imagesLoaded\": true,\n            \"lazyLoad\": 1,\n            \"freeScroll\": false,\n            \"wrapAround\": true,\n            \"autoPlay\": 6000,\n            \"pauseAutoPlayOnHover\" : true,\n            \"prevNextButtons\": true,\n            \"contain\" : true,\n            \"adaptiveHeight\" : true,\n            \"dragThreshold\" : 10,\n            \"percentPosition\": true,\n            \"pageDots\": true,\n            \"rightToLeft\": false,\n            \"draggable\": true,\n            \"selectedAttraction\": 0.1,\n            \"parallax\" : 0,\n            \"friction\": 0.6        }'\n        >\n        \r\n\r\n\n  <div class=\"banner has-hover\" id=\"banner-1245419619\">\n          <div class=\"banner-inner fill\">\n        <div class=\"banner-bg fill\" >\n            <img loading=\"lazy\" decoding=\"async\" width=\"1020\" height=\"218\" src=\"https:\/\/www.classicheuer.de\/wp-content\/uploads\/zitat-1-1024x219.jpg\" class=\"bg attachment-large size-large\" alt=\"\" \/>                                    \n                    <\/div>\n\t\t\n        <div class=\"banner-layers container\">\n            <div class=\"fill banner-link\"><\/div>               <div id=\"text-box-449260272\" class=\"text-box banner-layer x50 md-x50 lg-x50 y50 md-y50 lg-y50 res-text\">\n                     <div data-animate=\"fadeIn\">           <div class=\"text-box-content text dark\">\n              \n              <div class=\"text-inner text-center\">\n                  \r\n\r\nSehr geehrte Herr und Frau Bitter,\r\ndie Uhr ist heute eingetroffen und sieht sehr sch\u00f6n aus, das Ergebnis ist wirklich beeindruckend.\r\nVielen Dank f\u00fcr die perfekte Aufbereitung der Uhr.\r\nMit freundlichen Gr\u00fc\u00dfen, und bis zum n\u00e4chsten Mal,\r\nPhilipp Dorfmeister\r\n\r\n\u00d6sterreich\r\n\r\n              <\/div>\n           <\/div>\n       <\/div>                     \n<style>\n#text-box-449260272 {\n  width: 60%;\n}\n#text-box-449260272 .text-box-content {\n  font-size: 100%;\n}\n@media (min-width:550px) {\n  #text-box-449260272 {\n    width: 60%;\n  }\n}\n<\/style>\n    <\/div>\n         <\/div>\n      <\/div>\n\n            \n<style>\n#banner-1245419619 {\n  padding-top: 240px;\n}\n<\/style>\n  <\/div>\n\n\r\n\r\n\n  <div class=\"banner has-hover\" id=\"banner-955133936\">\n          <div class=\"banner-inner fill\">\n        <div class=\"banner-bg fill\" >\n            <img loading=\"lazy\" decoding=\"async\" width=\"1020\" height=\"218\" src=\"https:\/\/www.classicheuer.de\/wp-content\/uploads\/zitat-3-1024x219.jpg\" class=\"bg attachment-large size-large\" alt=\"\" \/>                                    \n                    <\/div>\n\t\t\n        <div class=\"banner-layers container\">\n            <div class=\"fill banner-link\"><\/div>               <div id=\"text-box-1917848627\" class=\"text-box banner-layer x50 md-x50 lg-x50 y50 md-y50 lg-y50 res-text\">\n                     <div data-animate=\"fadeIn\">           <div class=\"text-box-content text dark\">\n              \n              <div class=\"text-inner text-center\">\n                  \r\n\r\nHallo an das ClassicHeuer Team,\r\ndie von euch \u00fcberholte Monaco ist sehr sch\u00f6n geworden und geht auch \u00e4u\u00dferst genau, ca. 1 Sekunde Abweichung in 24 Stunden.\u00a0Das ist ein sensationell, viel besser als erwartet. Vielen Dank.\r\nMartin Bracker\r\n\r\nDeutschland\r\n\r\n              <\/div>\n           <\/div>\n       <\/div>                     \n<style>\n#text-box-1917848627 {\n  width: 60%;\n}\n#text-box-1917848627 .text-box-content {\n  font-size: 100%;\n}\n@media (min-width:550px) {\n  #text-box-1917848627 {\n    width: 60%;\n  }\n}\n<\/style>\n    <\/div>\n         <\/div>\n      <\/div>\n\n            \n<style>\n#banner-955133936 {\n  padding-top: 240px;\n}\n<\/style>\n  <\/div>\n\n\r\n\r\n\n  <div class=\"banner has-hover\" id=\"banner-1403339633\">\n          <div class=\"banner-inner fill\">\n        <div class=\"banner-bg fill\" >\n            <img loading=\"lazy\" decoding=\"async\" width=\"1020\" height=\"219\" src=\"https:\/\/www.classicheuer.de\/wp-content\/uploads\/zitat-5-1024x220.jpg\" class=\"bg attachment-large size-large\" alt=\"\" \/>                                    \n                    <\/div>\n\t\t\n        <div class=\"banner-layers container\">\n            <div class=\"fill banner-link\"><\/div>               <div id=\"text-box-1800189016\" class=\"text-box banner-layer x50 md-x50 lg-x50 y50 md-y50 lg-y50 res-text\">\n                     <div data-animate=\"fadeIn\">           <div class=\"text-box-content text dark\">\n              \n              <div class=\"text-inner text-center\">\n                  \r\n\r\n&nbsp;\r\n\r\n<a class=\"button alt-button red\" title=\"\" href=\"\/en\/customer-statements\/\">To all customer statements<\/a>\r\n\r\n              <\/div>\n           <\/div>\n       <\/div>                     \n<style>\n#text-box-1800189016 {\n  width: 60%;\n}\n#text-box-1800189016 .text-box-content {\n  font-size: 100%;\n}\n@media (min-width:550px) {\n  #text-box-1800189016 {\n    width: 60%;\n  }\n}\n<\/style>\n    <\/div>\n         <\/div>\n      <\/div>\n\n            \n<style>\n#banner-1403339633 {\n  padding-top: 240px;\n}\n<\/style>\n  <\/div>\n\n\r\n\r\n     <\/div>\n\n     <div class=\"loading-spin dark large centered\"><\/div>\n\n\t<\/div>\n\n\r\n\r\n\t\t<\/div>\n\t\t\t\t\t<\/div>\n\n\t\r\n\r\n<\/div>\n<div class=\"message-box relative\" style=\"padding-top:15px;padding-bottom:15px;\"><div class=\"message-box-bg-image bg-fill fill\" style=\"background-image:url(#cc0000);\"><\/div><div class=\"message-box-bg-overlay bg-fill fill\" ><\/div><div class=\"container relative\"><div class=\"inner last-reset\">\n<p>Please call us or write us.<\/p>\n<h3>+49 2162 \u2013 5744355<\/h3>\n<p>\u00a0<\/p>\n<p><a class=\"button white alt-button\" href=\"https:\/\/www.classicheuer.de\/en\/contact\/\">Contact form<\/a><\/p>\n<\/div><\/div><\/div>\n\t\t<\/div>\n\t\t\t\t\t<\/div>\n\n\t\n\n\t<div id=\"col-43263132\" class=\"col medium-4 large-4\"  >\n\t\t\t\t<div class=\"col-inner\"  >\n\t\t\t\n\t\t\t\n<div class=\"message-box relative\" style=\"padding-top:15px;padding-bottom:15px;\"><div class=\"message-box-bg-image bg-fill fill\" style=\"background-image:url(#45474d);\"><\/div><div class=\"message-box-bg-overlay bg-fill fill\" ><\/div><div class=\"container relative\"><div class=\"inner last-reset\">\n<h3><a href=\"https:\/\/www.classicheuer.de\/en\/service\/manual-for-mechanic-watches\/\">Manual for mechanic watches<\/a><\/h3>\n<\/div><\/div><\/div>\n\t<div id=\"gap-1250929554\" class=\"gap-element clearfix\" style=\"display:block; height:auto;\">\n\t\t\n<style>\n#gap-1250929554 {\n  padding-top: 30px;\n}\n<\/style>\n\t<\/div>\n\t\n<div class=\"message-box relative\" style=\"padding-top:15px;padding-bottom:15px;\"><div class=\"message-box-bg-image bg-fill fill\" style=\"background-image:url(#45474d);\"><\/div><div class=\"message-box-bg-overlay bg-fill fill\" ><\/div><div class=\"container relative\"><div class=\"inner last-reset\">\n<h3><a href=\"https:\/\/www.classicheuer.de\/en\/service\/information-on-automatic-movement\/\">Information on automatic movement<\/a><\/h3>\n<\/div><\/div><\/div>\n\t<div id=\"gap-2048101681\" class=\"gap-element clearfix\" style=\"display:block; height:auto;\">\n\t\t\n<style>\n#gap-2048101681 {\n  padding-top: 30px;\n}\n<\/style>\n\t<\/div>\n\t\n<div class=\"message-box relative\" style=\"padding-top:15px;padding-bottom:15px;\"><div class=\"message-box-bg-image bg-fill fill\" style=\"background-image:url(#cc0000);\"><\/div><div class=\"message-box-bg-overlay bg-fill fill\" ><\/div><div class=\"container relative\"><div class=\"inner last-reset\">\n<h3><a href=\"\/en\/customer-statements\/\">Customer reviews<\/a><\/h3>\n<\/div><\/div><\/div>\n\t<div id=\"gap-1555626539\" class=\"gap-element clearfix\" style=\"display:block; height:auto;\">\n\t\t\n<style>\n#gap-1555626539 {\n  padding-top: 30px;\n}\n<\/style>\n\t<\/div>\n\t\n\t<div class=\"img has-hover x md-x lg-x y md-y lg-y\" id=\"image_883535735\">\n\t\t\t\t\t\t\t\t<div class=\"img-inner dark\" >\n\t\t\t<img loading=\"lazy\" decoding=\"async\" width=\"400\" height=\"537\" src=\"https:\/\/www.classicheuer.de\/wp-content\/uploads\/heuer-uhrwerk-im-detail-9.jpg\" class=\"attachment-large size-large\" alt=\"\" srcset=\"https:\/\/www.classicheuer.de\/wp-content\/uploads\/heuer-uhrwerk-im-detail-9.jpg 400w, https:\/\/www.classicheuer.de\/wp-content\/uploads\/heuer-uhrwerk-im-detail-9-223x300.jpg 223w\" sizes=\"auto, (max-width: 400px) 100vw, 400px\" \/>\t\t\t\t\t\t\n\t\t\t\t\t<\/div>\n\t\t\t\t\t\t\t\t\n<style>\n#image_883535735 {\n  width: 100%;\n}\n<\/style>\n\t<\/div>\n\t\n\t<div id=\"gap-624315745\" class=\"gap-element clearfix\" style=\"display:block; height:auto;\">\n\t\t\n<style>\n#gap-624315745 {\n  padding-top: 30px;\n}\n<\/style>\n\t<\/div>\n\t\n\t<div class=\"img has-hover x md-x lg-x y md-y lg-y\" id=\"image_1252022408\">\n\t\t\t\t\t\t\t\t<div class=\"img-inner dark\" >\n\t\t\t<img loading=\"lazy\" decoding=\"async\" width=\"400\" height=\"414\" src=\"https:\/\/www.classicheuer.de\/wp-content\/uploads\/heuer-uhrwerk-im-detail-5.jpg\" class=\"attachment-large size-large\" alt=\"\" srcset=\"https:\/\/www.classicheuer.de\/wp-content\/uploads\/heuer-uhrwerk-im-detail-5.jpg 400w, https:\/\/www.classicheuer.de\/wp-content\/uploads\/heuer-uhrwerk-im-detail-5-290x300.jpg 290w\" sizes=\"auto, (max-width: 400px) 100vw, 400px\" \/>\t\t\t\t\t\t\n\t\t\t\t\t<\/div>\n\t\t\t\t\t\t\t\t\n<style>\n#image_1252022408 {\n  width: 100%;\n}\n<\/style>\n\t<\/div>\n\t\n\t<div id=\"gap-2088966344\" class=\"gap-element clearfix\" style=\"display:block; height:auto;\">\n\t\t\n<style>\n#gap-2088966344 {\n  padding-top: 30px;\n}\n<\/style>\n\t<\/div>\n\t\n\t<div class=\"img has-hover x md-x lg-x y md-y lg-y\" id=\"image_2077261819\">\n\t\t\t\t\t\t\t\t<div class=\"img-inner dark\" >\n\t\t\t<img loading=\"lazy\" decoding=\"async\" width=\"400\" height=\"255\" src=\"https:\/\/www.classicheuer.de\/wp-content\/uploads\/heuer-uhrwerk-im-detail-1.jpg\" class=\"attachment-large size-large\" alt=\"\" srcset=\"https:\/\/www.classicheuer.de\/wp-content\/uploads\/heuer-uhrwerk-im-detail-1.jpg 400w, https:\/\/www.classicheuer.de\/wp-content\/uploads\/heuer-uhrwerk-im-detail-1-300x191.jpg 300w\" sizes=\"auto, (max-width: 400px) 100vw, 400px\" \/>\t\t\t\t\t\t\n\t\t\t\t\t<\/div>\n\t\t\t\t\t\t\t\t\n<style>\n#image_2077261819 {\n  width: 100%;\n}\n<\/style>\n\t<\/div>\n\t\n\t\t<\/div>\n\t\t\t\t\t<\/div>\n\n\t\n<\/div>\n","protected":false},"excerpt":{"rendered":"","protected":false},"author":1,"featured_media":0,"parent":0,"menu_order":0,"comment_status":"closed","ping_status":"closed","template":"","meta":{"footnotes":""},"class_list":["post-2831","page","type-page","status-publish","hentry"],"_links":{"self":[{"href":"https:\/\/www.classicheuer.de\/en\/wp-json\/wp\/v2\/pages\/2831","targetHints":{"allow":["GET"]}}],"collection":[{"href":"https:\/\/www.classicheuer.de\/en\/wp-json\/wp\/v2\/pages"}],"about":[{"href":"https:\/\/www.classicheuer.de\/en\/wp-json\/wp\/v2\/types\/page"}],"author":[{"embeddable":true,"href":"https:\/\/www.classicheuer.de\/en\/wp-json\/wp\/v2\/users\/1"}],"replies":[{"embeddable":true,"href":"https:\/\/www.classicheuer.de\/en\/wp-json\/wp\/v2\/comments?post=2831"}],"version-history":[{"count":3,"href":"https:\/\/www.classicheuer.de\/en\/wp-json\/wp\/v2\/pages\/2831\/revisions"}],"predecessor-version":[{"id":20658,"href":"https:\/\/www.classicheuer.de\/en\/wp-json\/wp\/v2\/pages\/2831\/revisions\/20658"}],"wp:attachment":[{"href":"https:\/\/www.classicheuer.de\/en\/wp-json\/wp\/v2\/media?parent=2831"}],"curies":[{"name":"wp","href":"https:\/\/api.w.org\/{rel}","templated":true}]}}